{"id":2163,"date":"2017-07-28T15:20:56","date_gmt":"2017-07-28T13:20:56","guid":{"rendered":"https:\/\/diamedge.com\/test\/"},"modified":"2018-06-14T11:09:57","modified_gmt":"2018-06-14T09:09:57","slug":"home-de","status":"publish","type":"page","link":"https:\/\/diamedge.com\/de\/","title":{"rendered":"Home"},"content":{"rendered":"","protected":false},"excerpt":{"rendered":"","protected":false},"author":3,"featured_media":0,"parent":0,"menu_order":0,"comment_status":"closed","ping_status":"closed","template":"front-page.php","meta":{"_acf_changed":false,"footnotes":""},"class_list":["post-2163","page","type-page","status-publish","hentry"],"acf":[],"yoast_head":"<!-- This site is optimized with the Yoast SEO plugin v26.7 - https:\/\/yoast.com\/wordpress\/plugins\/seo\/ -->\n<title>DiamEdge - Diamantwerkzeuge mit OSA Zertifkat<\/title>\n<meta name=\"description\" content=\"DiamEdge, Hersteller von Diamantwerkzeuge seit 1993, bietet offers OSA zertifizierte Diamantscheibe, Bohrkronen, Schleifwerkzeuge f\u00fcr Bauindustrie, Pr\u00e4zisionswerkzeuge f\u00fcr Metall-und Keramikindustrie und Wolframkarbid an\" \/>\n<meta name=\"robots\" content=\"index, follow, max-snippet:-1, max-image-preview:large, max-video-preview:-1\" \/>\n<link rel=\"canonical\" href=\"https:\/\/diamedge.com\/de\/\" \/>\n<meta property=\"og:locale\" content=\"de_DE\" \/>\n<meta property=\"og:type\" content=\"article\" \/>\n<meta property=\"og:title\" content=\"DiamEdge - Diamantwerkzeuge mit OSA Zertifkat\" \/>\n<meta property=\"og:description\" content=\"DiamEdge, Hersteller von Diamantwerkzeuge seit 1993, bietet offers OSA zertifizierte Diamantscheibe, Bohrkronen, Schleifwerkzeuge f\u00fcr Bauindustrie, Pr\u00e4zisionswerkzeuge f\u00fcr Metall-und Keramikindustrie und Wolframkarbid an\" \/>\n<meta property=\"og:url\" content=\"https:\/\/diamedge.com\/de\/\" \/>\n<meta property=\"og:site_name\" content=\"DiamEdge\" \/>\n<meta property=\"article:publisher\" content=\"https:\/\/www.facebook.com\/pages\/DiamEdge\/535268663212813\" \/>\n<meta property=\"article:modified_time\" content=\"2018-06-14T09:09:57+00:00\" \/>\n<meta name=\"twitter:card\" content=\"summary_large_image\" \/>\n<script type=\"application\/ld+json\" class=\"yoast-schema-graph\">{\"@context\":\"https:\/\/schema.org\",\"@graph\":[{\"@type\":\"WebPage\",\"@id\":\"https:\/\/diamedge.com\/de\/\",\"url\":\"https:\/\/diamedge.com\/de\/\",\"name\":\"DiamEdge - Diamantwerkzeuge mit OSA Zertifkat\",\"isPartOf\":{\"@id\":\"https:\/\/diamedge.com\/de\/#website\"},\"datePublished\":\"2017-07-28T13:20:56+00:00\",\"dateModified\":\"2018-06-14T09:09:57+00:00\",\"description\":\"DiamEdge, Hersteller von Diamantwerkzeuge seit 1993, bietet offers OSA zertifizierte Diamantscheibe, Bohrkronen, Schleifwerkzeuge f\u00fcr Bauindustrie, Pr\u00e4zisionswerkzeuge f\u00fcr Metall-und Keramikindustrie und Wolframkarbid an\",\"breadcrumb\":{\"@id\":\"https:\/\/diamedge.com\/de\/#breadcrumb\"},\"inLanguage\":\"de\",\"potentialAction\":[{\"@type\":\"ReadAction\",\"target\":[\"https:\/\/diamedge.com\/de\/\"]}]},{\"@type\":\"BreadcrumbList\",\"@id\":\"https:\/\/diamedge.com\/de\/#breadcrumb\",\"itemListElement\":[{\"@type\":\"ListItem\",\"position\":1,\"name\":\"Accueil\",\"item\":\"https:\/\/diamedge.com\/de\/\"},{\"@type\":\"ListItem\",\"position\":2,\"name\":\"Home\"}]},{\"@type\":\"WebSite\",\"@id\":\"https:\/\/diamedge.com\/de\/#website\",\"url\":\"https:\/\/diamedge.com\/de\/\",\"name\":\"DiamEdge\",\"description\":\"A worldwide leading manufacturer of diamond tools for construction industry since 1993 !\",\"publisher\":{\"@id\":\"https:\/\/diamedge.com\/de\/#organization\"},\"potentialAction\":[{\"@type\":\"SearchAction\",\"target\":{\"@type\":\"EntryPoint\",\"urlTemplate\":\"https:\/\/diamedge.com\/de\/?s={search_term_string}\"},\"query-input\":{\"@type\":\"PropertyValueSpecification\",\"valueRequired\":true,\"valueName\":\"search_term_string\"}}],\"inLanguage\":\"de\"},{\"@type\":\"Organization\",\"@id\":\"https:\/\/diamedge.com\/de\/#organization\",\"name\":\"DiamEdge\",\"url\":\"https:\/\/diamedge.com\/de\/\",\"logo\":{\"@type\":\"ImageObject\",\"inLanguage\":\"de\",\"@id\":\"https:\/\/diamedge.com\/de\/#\/schema\/logo\/image\/\",\"url\":\"https:\/\/diamedge.com\/wp-content\/uploads\/2018\/05\/logo-diamedge@2x.png\",\"contentUrl\":\"https:\/\/diamedge.com\/wp-content\/uploads\/2018\/05\/logo-diamedge@2x.png\",\"width\":1270,\"height\":598,\"caption\":\"DiamEdge\"},\"image\":{\"@id\":\"https:\/\/diamedge.com\/de\/#\/schema\/logo\/image\/\"},\"sameAs\":[\"https:\/\/www.facebook.com\/pages\/DiamEdge\/535268663212813\"]}]}<\/script>\n<!-- \/ Yoast SEO plugin. -->","yoast_head_json":{"title":"DiamEdge - Diamantwerkzeuge mit OSA Zertifkat","description":"DiamEdge, Hersteller von Diamantwerkzeuge seit 1993, bietet offers OSA zertifizierte Diamantscheibe, Bohrkronen, Schleifwerkzeuge f\u00fcr Bauindustrie, Pr\u00e4zisionswerkzeuge f\u00fcr Metall-und Keramikindustrie und Wolframkarbid an","robots":{"index":"index","follow":"follow","max-snippet":"max-snippet:-1","max-image-preview":"max-image-preview:large","max-video-preview":"max-video-preview:-1"},"canonical":"https:\/\/diamedge.com\/de\/","og_locale":"de_DE","og_type":"article","og_title":"DiamEdge - Diamantwerkzeuge mit OSA Zertifkat","og_description":"DiamEdge, Hersteller von Diamantwerkzeuge seit 1993, bietet offers OSA zertifizierte Diamantscheibe, Bohrkronen, Schleifwerkzeuge f\u00fcr Bauindustrie, Pr\u00e4zisionswerkzeuge f\u00fcr Metall-und Keramikindustrie und Wolframkarbid an","og_url":"https:\/\/diamedge.com\/de\/","og_site_name":"DiamEdge","article_publisher":"https:\/\/www.facebook.com\/pages\/DiamEdge\/535268663212813","article_modified_time":"2018-06-14T09:09:57+00:00","twitter_card":"summary_large_image","schema":{"@context":"https:\/\/schema.org","@graph":[{"@type":"WebPage","@id":"https:\/\/diamedge.com\/de\/","url":"https:\/\/diamedge.com\/de\/","name":"DiamEdge - Diamantwerkzeuge mit OSA Zertifkat","isPartOf":{"@id":"https:\/\/diamedge.com\/de\/#website"},"datePublished":"2017-07-28T13:20:56+00:00","dateModified":"2018-06-14T09:09:57+00:00","description":"DiamEdge, Hersteller von Diamantwerkzeuge seit 1993, bietet offers OSA zertifizierte Diamantscheibe, Bohrkronen, Schleifwerkzeuge f\u00fcr Bauindustrie, Pr\u00e4zisionswerkzeuge f\u00fcr Metall-und Keramikindustrie und Wolframkarbid an","breadcrumb":{"@id":"https:\/\/diamedge.com\/de\/#breadcrumb"},"inLanguage":"de","potentialAction":[{"@type":"ReadAction","target":["https:\/\/diamedge.com\/de\/"]}]},{"@type":"BreadcrumbList","@id":"https:\/\/diamedge.com\/de\/#breadcrumb","itemListElement":[{"@type":"ListItem","position":1,"name":"Accueil","item":"https:\/\/diamedge.com\/de\/"},{"@type":"ListItem","position":2,"name":"Home"}]},{"@type":"WebSite","@id":"https:\/\/diamedge.com\/de\/#website","url":"https:\/\/diamedge.com\/de\/","name":"DiamEdge","description":"A worldwide leading manufacturer of diamond tools for construction industry since 1993 !","publisher":{"@id":"https:\/\/diamedge.com\/de\/#organization"},"potentialAction":[{"@type":"SearchAction","target":{"@type":"EntryPoint","urlTemplate":"https:\/\/diamedge.com\/de\/?s={search_term_string}"},"query-input":{"@type":"PropertyValueSpecification","valueRequired":true,"valueName":"search_term_string"}}],"inLanguage":"de"},{"@type":"Organization","@id":"https:\/\/diamedge.com\/de\/#organization","name":"DiamEdge","url":"https:\/\/diamedge.com\/de\/","logo":{"@type":"ImageObject","inLanguage":"de","@id":"https:\/\/diamedge.com\/de\/#\/schema\/logo\/image\/","url":"https:\/\/diamedge.com\/wp-content\/uploads\/2018\/05\/logo-diamedge@2x.png","contentUrl":"https:\/\/diamedge.com\/wp-content\/uploads\/2018\/05\/logo-diamedge@2x.png","width":1270,"height":598,"caption":"DiamEdge"},"image":{"@id":"https:\/\/diamedge.com\/de\/#\/schema\/logo\/image\/"},"sameAs":["https:\/\/www.facebook.com\/pages\/DiamEdge\/535268663212813"]}]}},"_links":{"self":[{"href":"https:\/\/diamedge.com\/de\/wp-json\/wp\/v2\/pages\/2163","targetHints":{"allow":["GET"]}}],"collection":[{"href":"https:\/\/diamedge.com\/de\/wp-json\/wp\/v2\/pages"}],"about":[{"href":"https:\/\/diamedge.com\/de\/wp-json\/wp\/v2\/types\/page"}],"author":[{"embeddable":true,"href":"https:\/\/diamedge.com\/de\/wp-json\/wp\/v2\/users\/3"}],"replies":[{"embeddable":true,"href":"https:\/\/diamedge.com\/de\/wp-json\/wp\/v2\/comments?post=2163"}],"version-history":[{"count":4,"href":"https:\/\/diamedge.com\/de\/wp-json\/wp\/v2\/pages\/2163\/revisions"}],"predecessor-version":[{"id":3183,"href":"https:\/\/diamedge.com\/de\/wp-json\/wp\/v2\/pages\/2163\/revisions\/3183"}],"wp:attachment":[{"href":"https:\/\/diamedge.com\/de\/wp-json\/wp\/v2\/media?parent=2163"}],"curies":[{"name":"wp","href":"https:\/\/api.w.org\/{rel}","templated":true}]}}