{"id":751,"date":"2017-06-01T16:14:42","date_gmt":"2017-06-01T14:14:42","guid":{"rendered":"https:\/\/diamedge.com\/uber-uns\/"},"modified":"2022-03-04T13:09:25","modified_gmt":"2022-03-04T12:09:25","slug":"uber-uns","status":"publish","type":"page","link":"https:\/\/diamedge.com\/de\/uber-uns\/","title":{"rendered":"\u00dcber uns"},"content":{"rendered":"<p>1993 gegr\u00fcndete Firma DiamEdge ist im Forschung und Herstellung von Diamantwerkzeuge f\u00fcr Bau-und-Steinindustrie spezialisiert. Durch st\u00e4ndige Investitionen in F&amp;E und letzte Generation Produktionsanlage entsprechen DiamEdge Produkte der Europ\u00e4ische Norme 13236 und 2006 OSA zertifiziert sind. Heute sind DiamEdge Werkzeuge in mehr als 50 L\u00e4nder weit anerkannt.<\/p>\n<p><span style=\"font-weight: 400;\">Als weltweite f\u00fchrende Hersteller von Diamantwerkzeuge hat DiamEdge Anfang 2016 seine T\u00e4tigkeiten an Vollhartmaterialen erweitert mit Vereinigung zu der Firma CISRI-GaoNa, der einer der am weitesten fortgeschrittenen Forschungsinstitute und Produktionsanlage f\u00fcr Wolframkarbid im China ist. Dieses \u00e4u\u00dfere Wachstum vermittelt DiamEdges Lieferprogramm seine T\u00e4tigkeiten nach Industriebereich zu erweitern.<\/span><\/p>\n<p>DiamEdge Konzept ist einzigartig : langfristige Hand im Hand Partnerschaft mit seinen Kunden, mit breite Wahl von hoch Leistungen Produkte, am angemessene Kost, mit personalisierte \u00f6rtliche Unterst\u00fctzung in industrielle und vertriebe Projekt von seinem Partner.<\/p>\n<blockquote><p>DiamEdge, ein hochwertigen Partner in Ihrer Reichweite!!!<\/p><\/blockquote>\n<div class=\"swiper-wrap wp_gallery\">\n\t\t\t\t\t<div class=\"swiper-container\">\n\t\t\t\t\t\t<div class=\"swiper-wrapper\">\n                        <div class=\"swiper-slide\">\n                            <a href=\"\" data-fancybox=\"carousel\" data-caption=\"\">\n                                <img decoding=\"async\" src=\"https:\/\/diamedge.com\/wp-content\/uploads\/2017\/06\/diamedge-entreprise.jpg\" alt=\"\">\n                            <\/a>\n                            <p><\/p>\n                        <\/div>\n                    \n                        <div class=\"swiper-slide\">\n                            <a href=\"\" data-fancybox=\"carousel\" data-caption=\"\">\n                                <img decoding=\"async\" src=\"https:\/\/diamedge.com\/wp-content\/uploads\/2017\/06\/hot-presse-work.jpg\" alt=\"\">\n                            <\/a>\n                            <p><\/p>\n                        <\/div>\n                    \n                        <div class=\"swiper-slide\">\n                            <a href=\"\" data-fancybox=\"carousel\" data-caption=\"\">\n                                <img decoding=\"async\" src=\"https:\/\/diamedge.com\/wp-content\/uploads\/2017\/06\/heating-seg.bmp\" alt=\"\">\n                            <\/a>\n                            <p><\/p>\n                        <\/div>\n                    \n                        <div class=\"swiper-slide\">\n                            <a href=\"\" data-fancybox=\"carousel\" data-caption=\"\">\n                                <img decoding=\"async\" src=\"https:\/\/diamedge.com\/wp-content\/uploads\/2017\/06\/Sintering.jpg\" alt=\"\">\n                            <\/a>\n                            <p><\/p>\n                        <\/div>\n                    \n                        <div class=\"swiper-slide\">\n                            <a href=\"\" data-fancybox=\"carousel\" data-caption=\"\">\n                                <img decoding=\"async\" src=\"https:\/\/diamedge.com\/wp-content\/uploads\/2017\/06\/seg-atelier.bmp\" alt=\"\">\n                            <\/a>\n                            <p><\/p>\n                        <\/div>\n                    \n                        <div class=\"swiper-slide\">\n                            <a href=\"\" data-fancybox=\"carousel\" data-caption=\"\">\n                                <img decoding=\"async\" src=\"https:\/\/diamedge.com\/wp-content\/uploads\/2017\/06\/semi-auto-sintering.bmp\" alt=\"\">\n                            <\/a>\n                            <p><\/p>\n                        <\/div>\n                    \n                        <div class=\"swiper-slide\">\n                            <a href=\"\" data-fancybox=\"carousel\" data-caption=\"\">\n                                <img decoding=\"async\" src=\"https:\/\/diamedge.com\/wp-content\/uploads\/2017\/06\/diamedge-PDA-atelier.jpg\" alt=\"\">\n                            <\/a>\n                            <p><\/p>\n                        <\/div>\n                    <\/div>\n\t\t\t\t\t<div class=\"swiper-pagination\"><\/div>\n\t\t\t\t<\/div>\t\t\t\t\t\n\t\t\t\t<div class=\"swiper-nav\"> \n\t\t\t\t\t<div id=\"swiper-button-next\" class=\"swiper-button-next\"><\/div>\n\t\t\t\t\t<div id=\"swiper-button-prev\" class=\"swiper-button-prev\"><\/div>\n\t\t\t\t<\/div>\n\t\t\t\t<\/div>\n\t\t\t\t\n","protected":false},"excerpt":{"rendered":"<p>1993 gegr\u00fcndete Firma DiamEdge ist im Forschung und Herstellung von Diamantwerkzeuge f\u00fcr Bau-und-Steinindustrie spezialisiert. Durch st\u00e4ndige Investitionen in F&amp;E und letzte Generation Produktionsanlage entsprechen DiamEdge Produkte der Europ\u00e4ische Norme 13236 und 2006 OSA zertifiziert sind. Heute sind DiamEdge Werkzeuge in mehr als 50 L\u00e4nder weit anerkannt. Als weltweite f\u00fchrende Hersteller von Diamantwerkzeuge hat DiamEdge Anfang &hellip; <\/p>\n<p class=\"link-more\"><a href=\"https:\/\/diamedge.com\/de\/uber-uns\/\" class=\"more-link\">En savoir plus<span class=\"screen-reader-text\"> &#8222;\u00dcber uns&#8220;<\/span><\/a><\/p>\n","protected":false},"author":3,"featured_media":2537,"parent":0,"menu_order":0,"comment_status":"closed","ping_status":"closed","template":"","meta":{"_acf_changed":false,"footnotes":""},"class_list":["post-751","page","type-page","status-publish","has-post-thumbnail","hentry"],"acf":[],"yoast_head":"<!-- This site is optimized with the Yoast SEO plugin v26.7 - https:\/\/yoast.com\/wordpress\/plugins\/seo\/ -->\n<title>\u00dcber uns DiamEdge Hersteller von Diamantwerkzeuge<\/title>\n<meta name=\"robots\" content=\"index, follow, max-snippet:-1, max-image-preview:large, max-video-preview:-1\" \/>\n<link rel=\"canonical\" href=\"https:\/\/diamedge.com\/de\/uber-uns\/\" \/>\n<meta property=\"og:locale\" content=\"de_DE\" \/>\n<meta property=\"og:type\" content=\"article\" \/>\n<meta property=\"og:title\" content=\"\u00dcber uns DiamEdge Hersteller von Diamantwerkzeuge\" \/>\n<meta property=\"og:description\" content=\"1993 gegr\u00fcndete Firma DiamEdge ist im Forschung und Herstellung von Diamantwerkzeuge f\u00fcr Bau-und-Steinindustrie spezialisiert. Durch st\u00e4ndige Investitionen in F&amp;E und letzte Generation Produktionsanlage entsprechen DiamEdge Produkte der Europ\u00e4ische Norme 13236 und 2006 OSA zertifiziert sind. Heute sind DiamEdge Werkzeuge in mehr als 50 L\u00e4nder weit anerkannt. Als weltweite f\u00fchrende Hersteller von Diamantwerkzeuge hat DiamEdge Anfang &hellip; En savoir plus &quot;\u00dcber uns&quot;\" \/>\n<meta property=\"og:url\" content=\"https:\/\/diamedge.com\/de\/uber-uns\/\" \/>\n<meta property=\"og:site_name\" content=\"DiamEdge\" \/>\n<meta property=\"article:publisher\" content=\"https:\/\/www.facebook.com\/pages\/DiamEdge\/535268663212813\" \/>\n<meta property=\"article:modified_time\" content=\"2022-03-04T12:09:25+00:00\" \/>\n<meta property=\"og:image\" content=\"https:\/\/diamedge.com\/wp-content\/uploads\/2017\/06\/p1_entreprise.png\" \/>\n\t<meta property=\"og:image:width\" content=\"975\" \/>\n\t<meta property=\"og:image:height\" content=\"650\" \/>\n\t<meta property=\"og:image:type\" content=\"image\/png\" \/>\n<meta name=\"twitter:card\" content=\"summary_large_image\" \/>\n<meta name=\"twitter:label1\" content=\"Gesch\u00e4tzte Lesezeit\" \/>\n\t<meta name=\"twitter:data1\" content=\"1\u00a0Minute\" \/>\n<script type=\"application\/ld+json\" class=\"yoast-schema-graph\">{\"@context\":\"https:\/\/schema.org\",\"@graph\":[{\"@type\":\"WebPage\",\"@id\":\"https:\/\/diamedge.com\/de\/uber-uns\/\",\"url\":\"https:\/\/diamedge.com\/de\/uber-uns\/\",\"name\":\"\u00dcber uns DiamEdge Hersteller von Diamantwerkzeuge\",\"isPartOf\":{\"@id\":\"https:\/\/diamedge.com\/de\/#website\"},\"primaryImageOfPage\":{\"@id\":\"https:\/\/diamedge.com\/de\/uber-uns\/#primaryimage\"},\"image\":{\"@id\":\"https:\/\/diamedge.com\/de\/uber-uns\/#primaryimage\"},\"thumbnailUrl\":\"https:\/\/diamedge.com\/wp-content\/uploads\/2017\/06\/p1_entreprise.png\",\"datePublished\":\"2017-06-01T14:14:42+00:00\",\"dateModified\":\"2022-03-04T12:09:25+00:00\",\"breadcrumb\":{\"@id\":\"https:\/\/diamedge.com\/de\/uber-uns\/#breadcrumb\"},\"inLanguage\":\"de\",\"potentialAction\":[{\"@type\":\"ReadAction\",\"target\":[\"https:\/\/diamedge.com\/de\/uber-uns\/\"]}]},{\"@type\":\"ImageObject\",\"inLanguage\":\"de\",\"@id\":\"https:\/\/diamedge.com\/de\/uber-uns\/#primaryimage\",\"url\":\"https:\/\/diamedge.com\/wp-content\/uploads\/2017\/06\/p1_entreprise.png\",\"contentUrl\":\"https:\/\/diamedge.com\/wp-content\/uploads\/2017\/06\/p1_entreprise.png\",\"width\":975,\"height\":650},{\"@type\":\"BreadcrumbList\",\"@id\":\"https:\/\/diamedge.com\/de\/uber-uns\/#breadcrumb\",\"itemListElement\":[{\"@type\":\"ListItem\",\"position\":1,\"name\":\"Accueil\",\"item\":\"https:\/\/diamedge.com\/de\/\"},{\"@type\":\"ListItem\",\"position\":2,\"name\":\"\u00dcber uns\"}]},{\"@type\":\"WebSite\",\"@id\":\"https:\/\/diamedge.com\/de\/#website\",\"url\":\"https:\/\/diamedge.com\/de\/\",\"name\":\"DiamEdge\",\"description\":\"A worldwide leading manufacturer of diamond tools for construction industry since 1993 !\",\"publisher\":{\"@id\":\"https:\/\/diamedge.com\/de\/#organization\"},\"potentialAction\":[{\"@type\":\"SearchAction\",\"target\":{\"@type\":\"EntryPoint\",\"urlTemplate\":\"https:\/\/diamedge.com\/de\/?s={search_term_string}\"},\"query-input\":{\"@type\":\"PropertyValueSpecification\",\"valueRequired\":true,\"valueName\":\"search_term_string\"}}],\"inLanguage\":\"de\"},{\"@type\":\"Organization\",\"@id\":\"https:\/\/diamedge.com\/de\/#organization\",\"name\":\"DiamEdge\",\"url\":\"https:\/\/diamedge.com\/de\/\",\"logo\":{\"@type\":\"ImageObject\",\"inLanguage\":\"de\",\"@id\":\"https:\/\/diamedge.com\/de\/#\/schema\/logo\/image\/\",\"url\":\"https:\/\/diamedge.com\/wp-content\/uploads\/2018\/05\/logo-diamedge@2x.png\",\"contentUrl\":\"https:\/\/diamedge.com\/wp-content\/uploads\/2018\/05\/logo-diamedge@2x.png\",\"width\":1270,\"height\":598,\"caption\":\"DiamEdge\"},\"image\":{\"@id\":\"https:\/\/diamedge.com\/de\/#\/schema\/logo\/image\/\"},\"sameAs\":[\"https:\/\/www.facebook.com\/pages\/DiamEdge\/535268663212813\"]}]}<\/script>\n<!-- \/ Yoast SEO plugin. -->","yoast_head_json":{"title":"\u00dcber uns DiamEdge Hersteller von Diamantwerkzeuge","robots":{"index":"index","follow":"follow","max-snippet":"max-snippet:-1","max-image-preview":"max-image-preview:large","max-video-preview":"max-video-preview:-1"},"canonical":"https:\/\/diamedge.com\/de\/uber-uns\/","og_locale":"de_DE","og_type":"article","og_title":"\u00dcber uns DiamEdge Hersteller von Diamantwerkzeuge","og_description":"1993 gegr\u00fcndete Firma DiamEdge ist im Forschung und Herstellung von Diamantwerkzeuge f\u00fcr Bau-und-Steinindustrie spezialisiert. Durch st\u00e4ndige Investitionen in F&amp;E und letzte Generation Produktionsanlage entsprechen DiamEdge Produkte der Europ\u00e4ische Norme 13236 und 2006 OSA zertifiziert sind. Heute sind DiamEdge Werkzeuge in mehr als 50 L\u00e4nder weit anerkannt. Als weltweite f\u00fchrende Hersteller von Diamantwerkzeuge hat DiamEdge Anfang &hellip; En savoir plus \"\u00dcber uns\"","og_url":"https:\/\/diamedge.com\/de\/uber-uns\/","og_site_name":"DiamEdge","article_publisher":"https:\/\/www.facebook.com\/pages\/DiamEdge\/535268663212813","article_modified_time":"2022-03-04T12:09:25+00:00","og_image":[{"width":975,"height":650,"url":"https:\/\/diamedge.com\/wp-content\/uploads\/2017\/06\/p1_entreprise.png","type":"image\/png"}],"twitter_card":"summary_large_image","twitter_misc":{"Gesch\u00e4tzte Lesezeit":"1\u00a0Minute"},"schema":{"@context":"https:\/\/schema.org","@graph":[{"@type":"WebPage","@id":"https:\/\/diamedge.com\/de\/uber-uns\/","url":"https:\/\/diamedge.com\/de\/uber-uns\/","name":"\u00dcber uns DiamEdge Hersteller von Diamantwerkzeuge","isPartOf":{"@id":"https:\/\/diamedge.com\/de\/#website"},"primaryImageOfPage":{"@id":"https:\/\/diamedge.com\/de\/uber-uns\/#primaryimage"},"image":{"@id":"https:\/\/diamedge.com\/de\/uber-uns\/#primaryimage"},"thumbnailUrl":"https:\/\/diamedge.com\/wp-content\/uploads\/2017\/06\/p1_entreprise.png","datePublished":"2017-06-01T14:14:42+00:00","dateModified":"2022-03-04T12:09:25+00:00","breadcrumb":{"@id":"https:\/\/diamedge.com\/de\/uber-uns\/#breadcrumb"},"inLanguage":"de","potentialAction":[{"@type":"ReadAction","target":["https:\/\/diamedge.com\/de\/uber-uns\/"]}]},{"@type":"ImageObject","inLanguage":"de","@id":"https:\/\/diamedge.com\/de\/uber-uns\/#primaryimage","url":"https:\/\/diamedge.com\/wp-content\/uploads\/2017\/06\/p1_entreprise.png","contentUrl":"https:\/\/diamedge.com\/wp-content\/uploads\/2017\/06\/p1_entreprise.png","width":975,"height":650},{"@type":"BreadcrumbList","@id":"https:\/\/diamedge.com\/de\/uber-uns\/#breadcrumb","itemListElement":[{"@type":"ListItem","position":1,"name":"Accueil","item":"https:\/\/diamedge.com\/de\/"},{"@type":"ListItem","position":2,"name":"\u00dcber uns"}]},{"@type":"WebSite","@id":"https:\/\/diamedge.com\/de\/#website","url":"https:\/\/diamedge.com\/de\/","name":"DiamEdge","description":"A worldwide leading manufacturer of diamond tools for construction industry since 1993 !","publisher":{"@id":"https:\/\/diamedge.com\/de\/#organization"},"potentialAction":[{"@type":"SearchAction","target":{"@type":"EntryPoint","urlTemplate":"https:\/\/diamedge.com\/de\/?s={search_term_string}"},"query-input":{"@type":"PropertyValueSpecification","valueRequired":true,"valueName":"search_term_string"}}],"inLanguage":"de"},{"@type":"Organization","@id":"https:\/\/diamedge.com\/de\/#organization","name":"DiamEdge","url":"https:\/\/diamedge.com\/de\/","logo":{"@type":"ImageObject","inLanguage":"de","@id":"https:\/\/diamedge.com\/de\/#\/schema\/logo\/image\/","url":"https:\/\/diamedge.com\/wp-content\/uploads\/2018\/05\/logo-diamedge@2x.png","contentUrl":"https:\/\/diamedge.com\/wp-content\/uploads\/2018\/05\/logo-diamedge@2x.png","width":1270,"height":598,"caption":"DiamEdge"},"image":{"@id":"https:\/\/diamedge.com\/de\/#\/schema\/logo\/image\/"},"sameAs":["https:\/\/www.facebook.com\/pages\/DiamEdge\/535268663212813"]}]}},"_links":{"self":[{"href":"https:\/\/diamedge.com\/de\/wp-json\/wp\/v2\/pages\/751","targetHints":{"allow":["GET"]}}],"collection":[{"href":"https:\/\/diamedge.com\/de\/wp-json\/wp\/v2\/pages"}],"about":[{"href":"https:\/\/diamedge.com\/de\/wp-json\/wp\/v2\/types\/page"}],"author":[{"embeddable":true,"href":"https:\/\/diamedge.com\/de\/wp-json\/wp\/v2\/users\/3"}],"replies":[{"embeddable":true,"href":"https:\/\/diamedge.com\/de\/wp-json\/wp\/v2\/comments?post=751"}],"version-history":[{"count":5,"href":"https:\/\/diamedge.com\/de\/wp-json\/wp\/v2\/pages\/751\/revisions"}],"predecessor-version":[{"id":4176,"href":"https:\/\/diamedge.com\/de\/wp-json\/wp\/v2\/pages\/751\/revisions\/4176"}],"wp:featuredmedia":[{"embeddable":true,"href":"https:\/\/diamedge.com\/de\/wp-json\/wp\/v2\/media\/2537"}],"wp:attachment":[{"href":"https:\/\/diamedge.com\/de\/wp-json\/wp\/v2\/media?parent=751"}],"curies":[{"name":"wp","href":"https:\/\/api.w.org\/{rel}","templated":true}]}}