{"id":2028,"date":"2017-04-17T22:29:42","date_gmt":"2017-04-17T20:29:42","guid":{"rendered":"https:\/\/diamedge.com\/innovation-technology\/"},"modified":"2023-10-12T16:38:34","modified_gmt":"2023-10-12T14:38:34","slug":"innovation-technologie","status":"publish","type":"page","link":"https:\/\/diamedge.com\/fr\/innovation-technologie\/","title":{"rendered":"Innovation et Technologie"},"content":{"rendered":"","protected":false},"excerpt":{"rendered":"","protected":false},"author":3,"featured_media":4014,"parent":0,"menu_order":0,"comment_status":"closed","ping_status":"closed","template":"innoTechno.php","meta":{"_acf_changed":false,"footnotes":""},"class_list":["post-2028","page","type-page","status-publish","has-post-thumbnail","hentry"],"acf":[],"yoast_head":"<!-- This site is optimized with the Yoast SEO plugin v26.7 - https:\/\/yoast.com\/wordpress\/plugins\/seo\/ -->\n<title>2 innovations : les technologies PDA et V-Tech<\/title>\n<meta name=\"description\" content=\"La technologie PDA (Predetermined Diamond Arrangement) est un proc\u00e9d\u00e9 de fabrication innovant permettant de positionner chaque grain de diamant afin d&#039;optimiser la vitesse de coupe et la long\u00e9vit\u00e9 de l&#039;outil diamant. La technologie V-Tech est un proc\u00e9d\u00e9 de soudure sous vide des grains de diamant sur la t\u00f4le.\" \/>\n<meta name=\"robots\" content=\"index, follow, max-snippet:-1, max-image-preview:large, max-video-preview:-1\" \/>\n<link rel=\"canonical\" href=\"https:\/\/diamedge.com\/fr\/innovation-technologie\/\" \/>\n<meta property=\"og:locale\" content=\"fr_FR\" \/>\n<meta property=\"og:type\" content=\"article\" \/>\n<meta property=\"og:title\" content=\"2 innovations : les technologies PDA et V-Tech\" \/>\n<meta property=\"og:description\" content=\"La technologie PDA (Predetermined Diamond Arrangement) est un proc\u00e9d\u00e9 de fabrication innovant permettant de positionner chaque grain de diamant afin d&#039;optimiser la vitesse de coupe et la long\u00e9vit\u00e9 de l&#039;outil diamant. La technologie V-Tech est un proc\u00e9d\u00e9 de soudure sous vide des grains de diamant sur la t\u00f4le.\" \/>\n<meta property=\"og:url\" content=\"https:\/\/diamedge.com\/fr\/innovation-technologie\/\" \/>\n<meta property=\"og:site_name\" content=\"DiamEdge\" \/>\n<meta property=\"article:publisher\" content=\"https:\/\/www.facebook.com\/pages\/DiamEdge\/535268663212813\" \/>\n<meta property=\"article:modified_time\" content=\"2023-10-12T14:38:34+00:00\" \/>\n<meta property=\"og:image\" content=\"https:\/\/diamedge.com\/wp-content\/uploads\/2018\/03\/slider-innotechno.jpg\" \/>\n\t<meta property=\"og:image:width\" content=\"3840\" \/>\n\t<meta property=\"og:image:height\" content=\"1153\" \/>\n\t<meta property=\"og:image:type\" content=\"image\/jpeg\" \/>\n<meta name=\"twitter:card\" content=\"summary_large_image\" \/>\n<script type=\"application\/ld+json\" class=\"yoast-schema-graph\">{\"@context\":\"https:\/\/schema.org\",\"@graph\":[{\"@type\":\"WebPage\",\"@id\":\"https:\/\/diamedge.com\/fr\/innovation-technologie\/\",\"url\":\"https:\/\/diamedge.com\/fr\/innovation-technologie\/\",\"name\":\"2 innovations : les technologies PDA et V-Tech\",\"isPartOf\":{\"@id\":\"https:\/\/diamedge.com\/fr\/#website\"},\"primaryImageOfPage\":{\"@id\":\"https:\/\/diamedge.com\/fr\/innovation-technologie\/#primaryimage\"},\"image\":{\"@id\":\"https:\/\/diamedge.com\/fr\/innovation-technologie\/#primaryimage\"},\"thumbnailUrl\":\"https:\/\/diamedge.com\/wp-content\/uploads\/2018\/03\/slider-innotechno.jpg\",\"datePublished\":\"2017-04-17T20:29:42+00:00\",\"dateModified\":\"2023-10-12T14:38:34+00:00\",\"description\":\"La technologie PDA (Predetermined Diamond Arrangement) est un proc\u00e9d\u00e9 de fabrication innovant permettant de positionner chaque grain de diamant afin d'optimiser la vitesse de coupe et la long\u00e9vit\u00e9 de l'outil diamant. La technologie V-Tech est un proc\u00e9d\u00e9 de soudure sous vide des grains de diamant sur la t\u00f4le.\",\"breadcrumb\":{\"@id\":\"https:\/\/diamedge.com\/fr\/innovation-technologie\/#breadcrumb\"},\"inLanguage\":\"fr-FR\",\"potentialAction\":[{\"@type\":\"ReadAction\",\"target\":[\"https:\/\/diamedge.com\/fr\/innovation-technologie\/\"]}]},{\"@type\":\"ImageObject\",\"inLanguage\":\"fr-FR\",\"@id\":\"https:\/\/diamedge.com\/fr\/innovation-technologie\/#primaryimage\",\"url\":\"https:\/\/diamedge.com\/wp-content\/uploads\/2018\/03\/slider-innotechno.jpg\",\"contentUrl\":\"https:\/\/diamedge.com\/wp-content\/uploads\/2018\/03\/slider-innotechno.jpg\",\"width\":3840,\"height\":1153},{\"@type\":\"BreadcrumbList\",\"@id\":\"https:\/\/diamedge.com\/fr\/innovation-technologie\/#breadcrumb\",\"itemListElement\":[{\"@type\":\"ListItem\",\"position\":1,\"name\":\"Accueil\",\"item\":\"https:\/\/diamedge.com\/fr\/\"},{\"@type\":\"ListItem\",\"position\":2,\"name\":\"Innovation et Technologie\"}]},{\"@type\":\"WebSite\",\"@id\":\"https:\/\/diamedge.com\/fr\/#website\",\"url\":\"https:\/\/diamedge.com\/fr\/\",\"name\":\"DiamEdge\",\"description\":\"A worldwide leading manufacturer of diamond tools for construction industry since 1993 !\",\"publisher\":{\"@id\":\"https:\/\/diamedge.com\/fr\/#organization\"},\"potentialAction\":[{\"@type\":\"SearchAction\",\"target\":{\"@type\":\"EntryPoint\",\"urlTemplate\":\"https:\/\/diamedge.com\/fr\/?s={search_term_string}\"},\"query-input\":{\"@type\":\"PropertyValueSpecification\",\"valueRequired\":true,\"valueName\":\"search_term_string\"}}],\"inLanguage\":\"fr-FR\"},{\"@type\":\"Organization\",\"@id\":\"https:\/\/diamedge.com\/fr\/#organization\",\"name\":\"DiamEdge\",\"url\":\"https:\/\/diamedge.com\/fr\/\",\"logo\":{\"@type\":\"ImageObject\",\"inLanguage\":\"fr-FR\",\"@id\":\"https:\/\/diamedge.com\/fr\/#\/schema\/logo\/image\/\",\"url\":\"https:\/\/diamedge.com\/wp-content\/uploads\/2018\/05\/logo-diamedge@2x.png\",\"contentUrl\":\"https:\/\/diamedge.com\/wp-content\/uploads\/2018\/05\/logo-diamedge@2x.png\",\"width\":1270,\"height\":598,\"caption\":\"DiamEdge\"},\"image\":{\"@id\":\"https:\/\/diamedge.com\/fr\/#\/schema\/logo\/image\/\"},\"sameAs\":[\"https:\/\/www.facebook.com\/pages\/DiamEdge\/535268663212813\"]}]}<\/script>\n<!-- \/ Yoast SEO plugin. -->","yoast_head_json":{"title":"2 innovations : les technologies PDA et V-Tech","description":"La technologie PDA (Predetermined Diamond Arrangement) est un proc\u00e9d\u00e9 de fabrication innovant permettant de positionner chaque grain de diamant afin d'optimiser la vitesse de coupe et la long\u00e9vit\u00e9 de l'outil diamant. La technologie V-Tech est un proc\u00e9d\u00e9 de soudure sous vide des grains de diamant sur la t\u00f4le.","robots":{"index":"index","follow":"follow","max-snippet":"max-snippet:-1","max-image-preview":"max-image-preview:large","max-video-preview":"max-video-preview:-1"},"canonical":"https:\/\/diamedge.com\/fr\/innovation-technologie\/","og_locale":"fr_FR","og_type":"article","og_title":"2 innovations : les technologies PDA et V-Tech","og_description":"La technologie PDA (Predetermined Diamond Arrangement) est un proc\u00e9d\u00e9 de fabrication innovant permettant de positionner chaque grain de diamant afin d'optimiser la vitesse de coupe et la long\u00e9vit\u00e9 de l'outil diamant. La technologie V-Tech est un proc\u00e9d\u00e9 de soudure sous vide des grains de diamant sur la t\u00f4le.","og_url":"https:\/\/diamedge.com\/fr\/innovation-technologie\/","og_site_name":"DiamEdge","article_publisher":"https:\/\/www.facebook.com\/pages\/DiamEdge\/535268663212813","article_modified_time":"2023-10-12T14:38:34+00:00","og_image":[{"width":3840,"height":1153,"url":"https:\/\/diamedge.com\/wp-content\/uploads\/2018\/03\/slider-innotechno.jpg","type":"image\/jpeg"}],"twitter_card":"summary_large_image","schema":{"@context":"https:\/\/schema.org","@graph":[{"@type":"WebPage","@id":"https:\/\/diamedge.com\/fr\/innovation-technologie\/","url":"https:\/\/diamedge.com\/fr\/innovation-technologie\/","name":"2 innovations : les technologies PDA et V-Tech","isPartOf":{"@id":"https:\/\/diamedge.com\/fr\/#website"},"primaryImageOfPage":{"@id":"https:\/\/diamedge.com\/fr\/innovation-technologie\/#primaryimage"},"image":{"@id":"https:\/\/diamedge.com\/fr\/innovation-technologie\/#primaryimage"},"thumbnailUrl":"https:\/\/diamedge.com\/wp-content\/uploads\/2018\/03\/slider-innotechno.jpg","datePublished":"2017-04-17T20:29:42+00:00","dateModified":"2023-10-12T14:38:34+00:00","description":"La technologie PDA (Predetermined Diamond Arrangement) est un proc\u00e9d\u00e9 de fabrication innovant permettant de positionner chaque grain de diamant afin d'optimiser la vitesse de coupe et la long\u00e9vit\u00e9 de l'outil diamant. La technologie V-Tech est un proc\u00e9d\u00e9 de soudure sous vide des grains de diamant sur la t\u00f4le.","breadcrumb":{"@id":"https:\/\/diamedge.com\/fr\/innovation-technologie\/#breadcrumb"},"inLanguage":"fr-FR","potentialAction":[{"@type":"ReadAction","target":["https:\/\/diamedge.com\/fr\/innovation-technologie\/"]}]},{"@type":"ImageObject","inLanguage":"fr-FR","@id":"https:\/\/diamedge.com\/fr\/innovation-technologie\/#primaryimage","url":"https:\/\/diamedge.com\/wp-content\/uploads\/2018\/03\/slider-innotechno.jpg","contentUrl":"https:\/\/diamedge.com\/wp-content\/uploads\/2018\/03\/slider-innotechno.jpg","width":3840,"height":1153},{"@type":"BreadcrumbList","@id":"https:\/\/diamedge.com\/fr\/innovation-technologie\/#breadcrumb","itemListElement":[{"@type":"ListItem","position":1,"name":"Accueil","item":"https:\/\/diamedge.com\/fr\/"},{"@type":"ListItem","position":2,"name":"Innovation et Technologie"}]},{"@type":"WebSite","@id":"https:\/\/diamedge.com\/fr\/#website","url":"https:\/\/diamedge.com\/fr\/","name":"DiamEdge","description":"A worldwide leading manufacturer of diamond tools for construction industry since 1993 !","publisher":{"@id":"https:\/\/diamedge.com\/fr\/#organization"},"potentialAction":[{"@type":"SearchAction","target":{"@type":"EntryPoint","urlTemplate":"https:\/\/diamedge.com\/fr\/?s={search_term_string}"},"query-input":{"@type":"PropertyValueSpecification","valueRequired":true,"valueName":"search_term_string"}}],"inLanguage":"fr-FR"},{"@type":"Organization","@id":"https:\/\/diamedge.com\/fr\/#organization","name":"DiamEdge","url":"https:\/\/diamedge.com\/fr\/","logo":{"@type":"ImageObject","inLanguage":"fr-FR","@id":"https:\/\/diamedge.com\/fr\/#\/schema\/logo\/image\/","url":"https:\/\/diamedge.com\/wp-content\/uploads\/2018\/05\/logo-diamedge@2x.png","contentUrl":"https:\/\/diamedge.com\/wp-content\/uploads\/2018\/05\/logo-diamedge@2x.png","width":1270,"height":598,"caption":"DiamEdge"},"image":{"@id":"https:\/\/diamedge.com\/fr\/#\/schema\/logo\/image\/"},"sameAs":["https:\/\/www.facebook.com\/pages\/DiamEdge\/535268663212813"]}]}},"_links":{"self":[{"href":"https:\/\/diamedge.com\/fr\/wp-json\/wp\/v2\/pages\/2028","targetHints":{"allow":["GET"]}}],"collection":[{"href":"https:\/\/diamedge.com\/fr\/wp-json\/wp\/v2\/pages"}],"about":[{"href":"https:\/\/diamedge.com\/fr\/wp-json\/wp\/v2\/types\/page"}],"author":[{"embeddable":true,"href":"https:\/\/diamedge.com\/fr\/wp-json\/wp\/v2\/users\/3"}],"replies":[{"embeddable":true,"href":"https:\/\/diamedge.com\/fr\/wp-json\/wp\/v2\/comments?post=2028"}],"version-history":[{"count":11,"href":"https:\/\/diamedge.com\/fr\/wp-json\/wp\/v2\/pages\/2028\/revisions"}],"predecessor-version":[{"id":4188,"href":"https:\/\/diamedge.com\/fr\/wp-json\/wp\/v2\/pages\/2028\/revisions\/4188"}],"wp:featuredmedia":[{"embeddable":true,"href":"https:\/\/diamedge.com\/fr\/wp-json\/wp\/v2\/media\/4014"}],"wp:attachment":[{"href":"https:\/\/diamedge.com\/fr\/wp-json\/wp\/v2\/media?parent=2028"}],"curies":[{"name":"wp","href":"https:\/\/api.w.org\/{rel}","templated":true}]}}