{"id":2162,"date":"2017-07-28T15:20:56","date_gmt":"2017-07-28T13:20:56","guid":{"rendered":"https:\/\/diamedge.com\/test\/"},"modified":"2018-06-14T11:09:03","modified_gmt":"2018-06-14T09:09:03","slug":"accueil","status":"publish","type":"page","link":"https:\/\/diamedge.com\/fr\/","title":{"rendered":"Accueil"},"content":{"rendered":"","protected":false},"excerpt":{"rendered":"","protected":false},"author":3,"featured_media":0,"parent":0,"menu_order":0,"comment_status":"closed","ping_status":"closed","template":"front-page.php","meta":{"_acf_changed":false,"footnotes":""},"class_list":["post-2162","page","type-page","status-publish","hentry"],"acf":[],"yoast_head":"<!-- This site is optimized with the Yoast SEO plugin v26.7 - https:\/\/yoast.com\/wordpress\/plugins\/seo\/ -->\n<title>DiamEdge - Fabricant d&#039;outils diamants certifi\u00e9s OSA<\/title>\n<meta name=\"description\" content=\"DiamEdge, fabriquant d&#039;outils diamant depuis 1993, propose des disques, des couronnes, des meules certifi\u00e9s OSA pour la construction, des outils de pr\u00e9cision pour la m\u00e9tallurgie et l&#039;industrie c\u00e9ramique, et des outils carbures.\" \/>\n<meta name=\"robots\" content=\"index, follow, max-snippet:-1, max-image-preview:large, max-video-preview:-1\" \/>\n<link rel=\"canonical\" href=\"https:\/\/diamedge.com\/fr\/\" \/>\n<meta property=\"og:locale\" content=\"fr_FR\" \/>\n<meta property=\"og:type\" content=\"article\" \/>\n<meta property=\"og:title\" content=\"DiamEdge - Fabricant d&#039;outils diamants certifi\u00e9s OSA\" \/>\n<meta property=\"og:description\" content=\"DiamEdge, fabriquant d&#039;outils diamant depuis 1993, propose des disques, des couronnes, des meules certifi\u00e9s OSA pour la construction, des outils de pr\u00e9cision pour la m\u00e9tallurgie et l&#039;industrie c\u00e9ramique, et des outils carbures.\" \/>\n<meta property=\"og:url\" content=\"https:\/\/diamedge.com\/fr\/\" \/>\n<meta property=\"og:site_name\" content=\"DiamEdge\" \/>\n<meta property=\"article:publisher\" content=\"https:\/\/www.facebook.com\/pages\/DiamEdge\/535268663212813\" \/>\n<meta property=\"article:modified_time\" content=\"2018-06-14T09:09:03+00:00\" \/>\n<meta name=\"twitter:card\" content=\"summary_large_image\" \/>\n<script type=\"application\/ld+json\" class=\"yoast-schema-graph\">{\"@context\":\"https:\/\/schema.org\",\"@graph\":[{\"@type\":\"WebPage\",\"@id\":\"https:\/\/diamedge.com\/fr\/\",\"url\":\"https:\/\/diamedge.com\/fr\/\",\"name\":\"DiamEdge - Fabricant d'outils diamants certifi\u00e9s OSA\",\"isPartOf\":{\"@id\":\"https:\/\/diamedge.com\/fr\/#website\"},\"datePublished\":\"2017-07-28T13:20:56+00:00\",\"dateModified\":\"2018-06-14T09:09:03+00:00\",\"description\":\"DiamEdge, fabriquant d'outils diamant depuis 1993, propose des disques, des couronnes, des meules certifi\u00e9s OSA pour la construction, des outils de pr\u00e9cision pour la m\u00e9tallurgie et l'industrie c\u00e9ramique, et des outils carbures.\",\"breadcrumb\":{\"@id\":\"https:\/\/diamedge.com\/fr\/#breadcrumb\"},\"inLanguage\":\"fr-FR\",\"potentialAction\":[{\"@type\":\"ReadAction\",\"target\":[\"https:\/\/diamedge.com\/fr\/\"]}]},{\"@type\":\"BreadcrumbList\",\"@id\":\"https:\/\/diamedge.com\/fr\/#breadcrumb\",\"itemListElement\":[{\"@type\":\"ListItem\",\"position\":1,\"name\":\"Accueil\",\"item\":\"https:\/\/diamedge.com\/fr\/\"},{\"@type\":\"ListItem\",\"position\":2,\"name\":\"Accueil\"}]},{\"@type\":\"WebSite\",\"@id\":\"https:\/\/diamedge.com\/fr\/#website\",\"url\":\"https:\/\/diamedge.com\/fr\/\",\"name\":\"DiamEdge\",\"description\":\"A worldwide leading manufacturer of diamond tools for construction industry since 1993 !\",\"publisher\":{\"@id\":\"https:\/\/diamedge.com\/fr\/#organization\"},\"potentialAction\":[{\"@type\":\"SearchAction\",\"target\":{\"@type\":\"EntryPoint\",\"urlTemplate\":\"https:\/\/diamedge.com\/fr\/?s={search_term_string}\"},\"query-input\":{\"@type\":\"PropertyValueSpecification\",\"valueRequired\":true,\"valueName\":\"search_term_string\"}}],\"inLanguage\":\"fr-FR\"},{\"@type\":\"Organization\",\"@id\":\"https:\/\/diamedge.com\/fr\/#organization\",\"name\":\"DiamEdge\",\"url\":\"https:\/\/diamedge.com\/fr\/\",\"logo\":{\"@type\":\"ImageObject\",\"inLanguage\":\"fr-FR\",\"@id\":\"https:\/\/diamedge.com\/fr\/#\/schema\/logo\/image\/\",\"url\":\"https:\/\/diamedge.com\/wp-content\/uploads\/2018\/05\/logo-diamedge@2x.png\",\"contentUrl\":\"https:\/\/diamedge.com\/wp-content\/uploads\/2018\/05\/logo-diamedge@2x.png\",\"width\":1270,\"height\":598,\"caption\":\"DiamEdge\"},\"image\":{\"@id\":\"https:\/\/diamedge.com\/fr\/#\/schema\/logo\/image\/\"},\"sameAs\":[\"https:\/\/www.facebook.com\/pages\/DiamEdge\/535268663212813\"]}]}<\/script>\n<!-- \/ Yoast SEO plugin. -->","yoast_head_json":{"title":"DiamEdge - Fabricant d'outils diamants certifi\u00e9s OSA","description":"DiamEdge, fabriquant d'outils diamant depuis 1993, propose des disques, des couronnes, des meules certifi\u00e9s OSA pour la construction, des outils de pr\u00e9cision pour la m\u00e9tallurgie et l'industrie c\u00e9ramique, et des outils carbures.","robots":{"index":"index","follow":"follow","max-snippet":"max-snippet:-1","max-image-preview":"max-image-preview:large","max-video-preview":"max-video-preview:-1"},"canonical":"https:\/\/diamedge.com\/fr\/","og_locale":"fr_FR","og_type":"article","og_title":"DiamEdge - Fabricant d'outils diamants certifi\u00e9s OSA","og_description":"DiamEdge, fabriquant d'outils diamant depuis 1993, propose des disques, des couronnes, des meules certifi\u00e9s OSA pour la construction, des outils de pr\u00e9cision pour la m\u00e9tallurgie et l'industrie c\u00e9ramique, et des outils carbures.","og_url":"https:\/\/diamedge.com\/fr\/","og_site_name":"DiamEdge","article_publisher":"https:\/\/www.facebook.com\/pages\/DiamEdge\/535268663212813","article_modified_time":"2018-06-14T09:09:03+00:00","twitter_card":"summary_large_image","schema":{"@context":"https:\/\/schema.org","@graph":[{"@type":"WebPage","@id":"https:\/\/diamedge.com\/fr\/","url":"https:\/\/diamedge.com\/fr\/","name":"DiamEdge - Fabricant d'outils diamants certifi\u00e9s OSA","isPartOf":{"@id":"https:\/\/diamedge.com\/fr\/#website"},"datePublished":"2017-07-28T13:20:56+00:00","dateModified":"2018-06-14T09:09:03+00:00","description":"DiamEdge, fabriquant d'outils diamant depuis 1993, propose des disques, des couronnes, des meules certifi\u00e9s OSA pour la construction, des outils de pr\u00e9cision pour la m\u00e9tallurgie et l'industrie c\u00e9ramique, et des outils carbures.","breadcrumb":{"@id":"https:\/\/diamedge.com\/fr\/#breadcrumb"},"inLanguage":"fr-FR","potentialAction":[{"@type":"ReadAction","target":["https:\/\/diamedge.com\/fr\/"]}]},{"@type":"BreadcrumbList","@id":"https:\/\/diamedge.com\/fr\/#breadcrumb","itemListElement":[{"@type":"ListItem","position":1,"name":"Accueil","item":"https:\/\/diamedge.com\/fr\/"},{"@type":"ListItem","position":2,"name":"Accueil"}]},{"@type":"WebSite","@id":"https:\/\/diamedge.com\/fr\/#website","url":"https:\/\/diamedge.com\/fr\/","name":"DiamEdge","description":"A worldwide leading manufacturer of diamond tools for construction industry since 1993 !","publisher":{"@id":"https:\/\/diamedge.com\/fr\/#organization"},"potentialAction":[{"@type":"SearchAction","target":{"@type":"EntryPoint","urlTemplate":"https:\/\/diamedge.com\/fr\/?s={search_term_string}"},"query-input":{"@type":"PropertyValueSpecification","valueRequired":true,"valueName":"search_term_string"}}],"inLanguage":"fr-FR"},{"@type":"Organization","@id":"https:\/\/diamedge.com\/fr\/#organization","name":"DiamEdge","url":"https:\/\/diamedge.com\/fr\/","logo":{"@type":"ImageObject","inLanguage":"fr-FR","@id":"https:\/\/diamedge.com\/fr\/#\/schema\/logo\/image\/","url":"https:\/\/diamedge.com\/wp-content\/uploads\/2018\/05\/logo-diamedge@2x.png","contentUrl":"https:\/\/diamedge.com\/wp-content\/uploads\/2018\/05\/logo-diamedge@2x.png","width":1270,"height":598,"caption":"DiamEdge"},"image":{"@id":"https:\/\/diamedge.com\/fr\/#\/schema\/logo\/image\/"},"sameAs":["https:\/\/www.facebook.com\/pages\/DiamEdge\/535268663212813"]}]}},"_links":{"self":[{"href":"https:\/\/diamedge.com\/fr\/wp-json\/wp\/v2\/pages\/2162","targetHints":{"allow":["GET"]}}],"collection":[{"href":"https:\/\/diamedge.com\/fr\/wp-json\/wp\/v2\/pages"}],"about":[{"href":"https:\/\/diamedge.com\/fr\/wp-json\/wp\/v2\/types\/page"}],"author":[{"embeddable":true,"href":"https:\/\/diamedge.com\/fr\/wp-json\/wp\/v2\/users\/3"}],"replies":[{"embeddable":true,"href":"https:\/\/diamedge.com\/fr\/wp-json\/wp\/v2\/comments?post=2162"}],"version-history":[{"count":5,"href":"https:\/\/diamedge.com\/fr\/wp-json\/wp\/v2\/pages\/2162\/revisions"}],"predecessor-version":[{"id":3181,"href":"https:\/\/diamedge.com\/fr\/wp-json\/wp\/v2\/pages\/2162\/revisions\/3181"}],"wp:attachment":[{"href":"https:\/\/diamedge.com\/fr\/wp-json\/wp\/v2\/media?parent=2162"}],"curies":[{"name":"wp","href":"https:\/\/api.w.org\/{rel}","templated":true}]}}