{"id":752,"date":"2017-06-01T16:14:42","date_gmt":"2017-06-01T14:14:42","guid":{"rendered":"https:\/\/diamedge.com\/a-propos-de-nous\/"},"modified":"2022-03-04T13:08:54","modified_gmt":"2022-03-04T12:08:54","slug":"a-propos-de-nous","status":"publish","type":"page","link":"https:\/\/diamedge.com\/fr\/a-propos-de-nous\/","title":{"rendered":"A propos de nous"},"content":{"rendered":"<p>La soci\u00e9t\u00e9 DiamEdge, fond\u00e9e en 1993, est sp\u00e9cialis\u00e9e dans la recherche et la fabrication d\u2019outils diamant\u00e9s pour la construction et l\u2019industrie de la pierre. Gr\u00e2ce \u00e0 un investissement constant dans la recherche et d\u00e9veloppement et dans des \u00e9quipements de production de derni\u00e8re g\u00e9n\u00e9ration, les produits DiamEdge sont conformes \u00e0 la Norme Europ\u00e9enne 13236 et certifi\u00e9s OSA. Aujourd\u2019hui les produits DiamEdge sont largement reconnus dans plus de 50 pays.<\/p>\n<p><span style=\"font-weight: 400;\">En tant que fabricant leader mondial d\u2019outils diamant\u00e9s, DiamEdge a \u00e9largi d\u00e9but 2016 son activit\u00e9 aux mat\u00e9riaux ultra-durs en fusionnant avec la soci\u00e9t\u00e9 CISRI-GaoNA qui est l\u2019un des instituts de recherche et site de production de carbures c\u00e9ment\u00e9s les plus avanc\u00e9s en Chine. Cette croissance externe a permis aux lignes de production de DiamEdge d\u2019\u00e9tendre leurs activit\u00e9s \u00e0 un large champ industriel.<\/span><\/p>\n<p>DiamEdge est d\u00e9di\u00e9 \u00e0 un concept unique : un partenariat main dans la main sur le long terme avec ses clients, en leur offrant un large choix de produits haute performance, \u00e0 un prix raisonnable, avec un appui local personnalis\u00e9 aux projets industriels et de distribution de ses partenaires.<\/p>\n<blockquote><p>DiamEdge, un partenaire de grande qualit\u00e9 \u00e0 votre port\u00e9e\u00a0!!!<\/p><\/blockquote>\n<div class=\"swiper-wrap wp_gallery\">\n\t\t\t\t\t<div class=\"swiper-container\">\n\t\t\t\t\t\t<div class=\"swiper-wrapper\">\n                        <div class=\"swiper-slide\">\n                            <a href=\"\" data-fancybox=\"carousel\" data-caption=\"\">\n                                <img decoding=\"async\" src=\"https:\/\/diamedge.com\/wp-content\/uploads\/2017\/06\/diamedge-entreprise.jpg\" alt=\"\">\n                            <\/a>\n                            <p><\/p>\n                        <\/div>\n                    \n                        <div class=\"swiper-slide\">\n                            <a href=\"\" data-fancybox=\"carousel\" data-caption=\"\">\n                                <img decoding=\"async\" src=\"https:\/\/diamedge.com\/wp-content\/uploads\/2017\/06\/hot-presse-work.jpg\" alt=\"\">\n                            <\/a>\n                            <p><\/p>\n                        <\/div>\n                    \n                        <div class=\"swiper-slide\">\n                            <a href=\"\" data-fancybox=\"carousel\" data-caption=\"\">\n                                <img decoding=\"async\" src=\"https:\/\/diamedge.com\/wp-content\/uploads\/2017\/06\/heating-seg.bmp\" alt=\"\">\n                            <\/a>\n                            <p><\/p>\n                        <\/div>\n                    \n                        <div class=\"swiper-slide\">\n                            <a href=\"\" data-fancybox=\"carousel\" data-caption=\"\">\n                                <img decoding=\"async\" src=\"https:\/\/diamedge.com\/wp-content\/uploads\/2017\/06\/Sintering.jpg\" alt=\"\">\n                            <\/a>\n                            <p><\/p>\n                        <\/div>\n                    \n                        <div class=\"swiper-slide\">\n                            <a href=\"\" data-fancybox=\"carousel\" data-caption=\"\">\n                                <img decoding=\"async\" src=\"https:\/\/diamedge.com\/wp-content\/uploads\/2017\/06\/seg-atelier.bmp\" alt=\"\">\n                            <\/a>\n                            <p><\/p>\n                        <\/div>\n                    \n                        <div class=\"swiper-slide\">\n                            <a href=\"\" data-fancybox=\"carousel\" data-caption=\"\">\n                                <img decoding=\"async\" src=\"https:\/\/diamedge.com\/wp-content\/uploads\/2017\/06\/semi-auto-sintering.bmp\" alt=\"\">\n                            <\/a>\n                            <p><\/p>\n                        <\/div>\n                    \n                        <div class=\"swiper-slide\">\n                            <a href=\"\" data-fancybox=\"carousel\" data-caption=\"\">\n                                <img decoding=\"async\" src=\"https:\/\/diamedge.com\/wp-content\/uploads\/2017\/06\/diamedge-PDA-atelier.jpg\" alt=\"\">\n                            <\/a>\n                            <p><\/p>\n                        <\/div>\n                    <\/div>\n\t\t\t\t\t<div class=\"swiper-pagination\"><\/div>\n\t\t\t\t<\/div>\t\t\t\t\t\n\t\t\t\t<div class=\"swiper-nav\"> \n\t\t\t\t\t<div id=\"swiper-button-next\" class=\"swiper-button-next\"><\/div>\n\t\t\t\t\t<div id=\"swiper-button-prev\" class=\"swiper-button-prev\"><\/div>\n\t\t\t\t<\/div>\n\t\t\t\t<\/div>\n\t\t\t\t\n","protected":false},"excerpt":{"rendered":"<p>La soci\u00e9t\u00e9 DiamEdge, fond\u00e9e en 1993, est sp\u00e9cialis\u00e9e dans la recherche et la fabrication d\u2019outils diamant\u00e9s pour la construction et l\u2019industrie de la pierre. Gr\u00e2ce \u00e0 un investissement constant dans la recherche et d\u00e9veloppement et dans des \u00e9quipements de production de derni\u00e8re g\u00e9n\u00e9ration, les produits DiamEdge sont conformes \u00e0 la Norme Europ\u00e9enne 13236 et certifi\u00e9s &hellip; <\/p>\n<p class=\"link-more\"><a href=\"https:\/\/diamedge.com\/fr\/a-propos-de-nous\/\" class=\"more-link\">En savoir plus<span class=\"screen-reader-text\"> \u00ab\u00a0A propos de nous\u00a0\u00bb<\/span><\/a><\/p>\n","protected":false},"author":3,"featured_media":2536,"parent":0,"menu_order":0,"comment_status":"closed","ping_status":"closed","template":"","meta":{"_acf_changed":false,"footnotes":""},"class_list":["post-752","page","type-page","status-publish","has-post-thumbnail","hentry"],"acf":[],"yoast_head":"<!-- This site is optimized with the Yoast SEO plugin v26.7 - https:\/\/yoast.com\/wordpress\/plugins\/seo\/ -->\n<title>DiamEdge fabricant d&#039;outils diamant \u00e0 propos de nous<\/title>\n<meta name=\"robots\" content=\"index, follow, max-snippet:-1, max-image-preview:large, max-video-preview:-1\" \/>\n<link rel=\"canonical\" href=\"https:\/\/diamedge.com\/fr\/a-propos-de-nous\/\" \/>\n<meta property=\"og:locale\" content=\"fr_FR\" \/>\n<meta property=\"og:type\" content=\"article\" \/>\n<meta property=\"og:title\" content=\"DiamEdge fabricant d&#039;outils diamant \u00e0 propos de nous\" \/>\n<meta property=\"og:description\" content=\"La soci\u00e9t\u00e9 DiamEdge, fond\u00e9e en 1993, est sp\u00e9cialis\u00e9e dans la recherche et la fabrication d\u2019outils diamant\u00e9s pour la construction et l\u2019industrie de la pierre. Gr\u00e2ce \u00e0 un investissement constant dans la recherche et d\u00e9veloppement et dans des \u00e9quipements de production de derni\u00e8re g\u00e9n\u00e9ration, les produits DiamEdge sont conformes \u00e0 la Norme Europ\u00e9enne 13236 et certifi\u00e9s &hellip; En savoir plus &quot;A propos de nous&quot;\" \/>\n<meta property=\"og:url\" content=\"https:\/\/diamedge.com\/fr\/a-propos-de-nous\/\" \/>\n<meta property=\"og:site_name\" content=\"DiamEdge\" \/>\n<meta property=\"article:publisher\" content=\"https:\/\/www.facebook.com\/pages\/DiamEdge\/535268663212813\" \/>\n<meta property=\"article:modified_time\" content=\"2022-03-04T12:08:54+00:00\" \/>\n<meta property=\"og:image\" content=\"https:\/\/diamedge.com\/wp-content\/uploads\/2017\/06\/p1_entreprise.png\" \/>\n\t<meta property=\"og:image:width\" content=\"975\" \/>\n\t<meta property=\"og:image:height\" content=\"650\" \/>\n\t<meta property=\"og:image:type\" content=\"image\/png\" \/>\n<meta name=\"twitter:card\" content=\"summary_large_image\" \/>\n<meta name=\"twitter:label1\" content=\"Dur\u00e9e de lecture estim\u00e9e\" \/>\n\t<meta name=\"twitter:data1\" content=\"1 minute\" \/>\n<script type=\"application\/ld+json\" class=\"yoast-schema-graph\">{\"@context\":\"https:\/\/schema.org\",\"@graph\":[{\"@type\":\"WebPage\",\"@id\":\"https:\/\/diamedge.com\/fr\/a-propos-de-nous\/\",\"url\":\"https:\/\/diamedge.com\/fr\/a-propos-de-nous\/\",\"name\":\"DiamEdge fabricant d'outils diamant \u00e0 propos de nous\",\"isPartOf\":{\"@id\":\"https:\/\/diamedge.com\/fr\/#website\"},\"primaryImageOfPage\":{\"@id\":\"https:\/\/diamedge.com\/fr\/a-propos-de-nous\/#primaryimage\"},\"image\":{\"@id\":\"https:\/\/diamedge.com\/fr\/a-propos-de-nous\/#primaryimage\"},\"thumbnailUrl\":\"https:\/\/diamedge.com\/wp-content\/uploads\/2017\/06\/p1_entreprise.png\",\"datePublished\":\"2017-06-01T14:14:42+00:00\",\"dateModified\":\"2022-03-04T12:08:54+00:00\",\"breadcrumb\":{\"@id\":\"https:\/\/diamedge.com\/fr\/a-propos-de-nous\/#breadcrumb\"},\"inLanguage\":\"fr-FR\",\"potentialAction\":[{\"@type\":\"ReadAction\",\"target\":[\"https:\/\/diamedge.com\/fr\/a-propos-de-nous\/\"]}]},{\"@type\":\"ImageObject\",\"inLanguage\":\"fr-FR\",\"@id\":\"https:\/\/diamedge.com\/fr\/a-propos-de-nous\/#primaryimage\",\"url\":\"https:\/\/diamedge.com\/wp-content\/uploads\/2017\/06\/p1_entreprise.png\",\"contentUrl\":\"https:\/\/diamedge.com\/wp-content\/uploads\/2017\/06\/p1_entreprise.png\",\"width\":975,\"height\":650},{\"@type\":\"BreadcrumbList\",\"@id\":\"https:\/\/diamedge.com\/fr\/a-propos-de-nous\/#breadcrumb\",\"itemListElement\":[{\"@type\":\"ListItem\",\"position\":1,\"name\":\"Accueil\",\"item\":\"https:\/\/diamedge.com\/fr\/\"},{\"@type\":\"ListItem\",\"position\":2,\"name\":\"A propos de nous\"}]},{\"@type\":\"WebSite\",\"@id\":\"https:\/\/diamedge.com\/fr\/#website\",\"url\":\"https:\/\/diamedge.com\/fr\/\",\"name\":\"DiamEdge\",\"description\":\"A worldwide leading manufacturer of diamond tools for construction industry since 1993 !\",\"publisher\":{\"@id\":\"https:\/\/diamedge.com\/fr\/#organization\"},\"potentialAction\":[{\"@type\":\"SearchAction\",\"target\":{\"@type\":\"EntryPoint\",\"urlTemplate\":\"https:\/\/diamedge.com\/fr\/?s={search_term_string}\"},\"query-input\":{\"@type\":\"PropertyValueSpecification\",\"valueRequired\":true,\"valueName\":\"search_term_string\"}}],\"inLanguage\":\"fr-FR\"},{\"@type\":\"Organization\",\"@id\":\"https:\/\/diamedge.com\/fr\/#organization\",\"name\":\"DiamEdge\",\"url\":\"https:\/\/diamedge.com\/fr\/\",\"logo\":{\"@type\":\"ImageObject\",\"inLanguage\":\"fr-FR\",\"@id\":\"https:\/\/diamedge.com\/fr\/#\/schema\/logo\/image\/\",\"url\":\"https:\/\/diamedge.com\/wp-content\/uploads\/2018\/05\/logo-diamedge@2x.png\",\"contentUrl\":\"https:\/\/diamedge.com\/wp-content\/uploads\/2018\/05\/logo-diamedge@2x.png\",\"width\":1270,\"height\":598,\"caption\":\"DiamEdge\"},\"image\":{\"@id\":\"https:\/\/diamedge.com\/fr\/#\/schema\/logo\/image\/\"},\"sameAs\":[\"https:\/\/www.facebook.com\/pages\/DiamEdge\/535268663212813\"]}]}<\/script>\n<!-- \/ Yoast SEO plugin. -->","yoast_head_json":{"title":"DiamEdge fabricant d'outils diamant \u00e0 propos de nous","robots":{"index":"index","follow":"follow","max-snippet":"max-snippet:-1","max-image-preview":"max-image-preview:large","max-video-preview":"max-video-preview:-1"},"canonical":"https:\/\/diamedge.com\/fr\/a-propos-de-nous\/","og_locale":"fr_FR","og_type":"article","og_title":"DiamEdge fabricant d'outils diamant \u00e0 propos de nous","og_description":"La soci\u00e9t\u00e9 DiamEdge, fond\u00e9e en 1993, est sp\u00e9cialis\u00e9e dans la recherche et la fabrication d\u2019outils diamant\u00e9s pour la construction et l\u2019industrie de la pierre. Gr\u00e2ce \u00e0 un investissement constant dans la recherche et d\u00e9veloppement et dans des \u00e9quipements de production de derni\u00e8re g\u00e9n\u00e9ration, les produits DiamEdge sont conformes \u00e0 la Norme Europ\u00e9enne 13236 et certifi\u00e9s &hellip; En savoir plus \"A propos de nous\"","og_url":"https:\/\/diamedge.com\/fr\/a-propos-de-nous\/","og_site_name":"DiamEdge","article_publisher":"https:\/\/www.facebook.com\/pages\/DiamEdge\/535268663212813","article_modified_time":"2022-03-04T12:08:54+00:00","og_image":[{"width":975,"height":650,"url":"https:\/\/diamedge.com\/wp-content\/uploads\/2017\/06\/p1_entreprise.png","type":"image\/png"}],"twitter_card":"summary_large_image","twitter_misc":{"Dur\u00e9e de lecture estim\u00e9e":"1 minute"},"schema":{"@context":"https:\/\/schema.org","@graph":[{"@type":"WebPage","@id":"https:\/\/diamedge.com\/fr\/a-propos-de-nous\/","url":"https:\/\/diamedge.com\/fr\/a-propos-de-nous\/","name":"DiamEdge fabricant d'outils diamant \u00e0 propos de nous","isPartOf":{"@id":"https:\/\/diamedge.com\/fr\/#website"},"primaryImageOfPage":{"@id":"https:\/\/diamedge.com\/fr\/a-propos-de-nous\/#primaryimage"},"image":{"@id":"https:\/\/diamedge.com\/fr\/a-propos-de-nous\/#primaryimage"},"thumbnailUrl":"https:\/\/diamedge.com\/wp-content\/uploads\/2017\/06\/p1_entreprise.png","datePublished":"2017-06-01T14:14:42+00:00","dateModified":"2022-03-04T12:08:54+00:00","breadcrumb":{"@id":"https:\/\/diamedge.com\/fr\/a-propos-de-nous\/#breadcrumb"},"inLanguage":"fr-FR","potentialAction":[{"@type":"ReadAction","target":["https:\/\/diamedge.com\/fr\/a-propos-de-nous\/"]}]},{"@type":"ImageObject","inLanguage":"fr-FR","@id":"https:\/\/diamedge.com\/fr\/a-propos-de-nous\/#primaryimage","url":"https:\/\/diamedge.com\/wp-content\/uploads\/2017\/06\/p1_entreprise.png","contentUrl":"https:\/\/diamedge.com\/wp-content\/uploads\/2017\/06\/p1_entreprise.png","width":975,"height":650},{"@type":"BreadcrumbList","@id":"https:\/\/diamedge.com\/fr\/a-propos-de-nous\/#breadcrumb","itemListElement":[{"@type":"ListItem","position":1,"name":"Accueil","item":"https:\/\/diamedge.com\/fr\/"},{"@type":"ListItem","position":2,"name":"A propos de nous"}]},{"@type":"WebSite","@id":"https:\/\/diamedge.com\/fr\/#website","url":"https:\/\/diamedge.com\/fr\/","name":"DiamEdge","description":"A worldwide leading manufacturer of diamond tools for construction industry since 1993 !","publisher":{"@id":"https:\/\/diamedge.com\/fr\/#organization"},"potentialAction":[{"@type":"SearchAction","target":{"@type":"EntryPoint","urlTemplate":"https:\/\/diamedge.com\/fr\/?s={search_term_string}"},"query-input":{"@type":"PropertyValueSpecification","valueRequired":true,"valueName":"search_term_string"}}],"inLanguage":"fr-FR"},{"@type":"Organization","@id":"https:\/\/diamedge.com\/fr\/#organization","name":"DiamEdge","url":"https:\/\/diamedge.com\/fr\/","logo":{"@type":"ImageObject","inLanguage":"fr-FR","@id":"https:\/\/diamedge.com\/fr\/#\/schema\/logo\/image\/","url":"https:\/\/diamedge.com\/wp-content\/uploads\/2018\/05\/logo-diamedge@2x.png","contentUrl":"https:\/\/diamedge.com\/wp-content\/uploads\/2018\/05\/logo-diamedge@2x.png","width":1270,"height":598,"caption":"DiamEdge"},"image":{"@id":"https:\/\/diamedge.com\/fr\/#\/schema\/logo\/image\/"},"sameAs":["https:\/\/www.facebook.com\/pages\/DiamEdge\/535268663212813"]}]}},"_links":{"self":[{"href":"https:\/\/diamedge.com\/fr\/wp-json\/wp\/v2\/pages\/752","targetHints":{"allow":["GET"]}}],"collection":[{"href":"https:\/\/diamedge.com\/fr\/wp-json\/wp\/v2\/pages"}],"about":[{"href":"https:\/\/diamedge.com\/fr\/wp-json\/wp\/v2\/types\/page"}],"author":[{"embeddable":true,"href":"https:\/\/diamedge.com\/fr\/wp-json\/wp\/v2\/users\/3"}],"replies":[{"embeddable":true,"href":"https:\/\/diamedge.com\/fr\/wp-json\/wp\/v2\/comments?post=752"}],"version-history":[{"count":8,"href":"https:\/\/diamedge.com\/fr\/wp-json\/wp\/v2\/pages\/752\/revisions"}],"predecessor-version":[{"id":4175,"href":"https:\/\/diamedge.com\/fr\/wp-json\/wp\/v2\/pages\/752\/revisions\/4175"}],"wp:featuredmedia":[{"embeddable":true,"href":"https:\/\/diamedge.com\/fr\/wp-json\/wp\/v2\/media\/2536"}],"wp:attachment":[{"href":"https:\/\/diamedge.com\/fr\/wp-json\/wp\/v2\/media?parent=752"}],"curies":[{"name":"wp","href":"https:\/\/api.w.org\/{rel}","templated":true}]}}